{"id":1183,"date":"2016-09-05T19:26:14","date_gmt":"2016-09-05T19:26:14","guid":{"rendered":"http:\/\/demos.famethemes.com\/screenr\/?page_id=8"},"modified":"2019-07-17T16:53:17","modified_gmt":"2019-07-17T19:53:17","slug":"about","status":"publish","type":"page","link":"https:\/\/easyfibra.com.br\/index.php\/about\/","title":{"rendered":"About"},"content":{"rendered":"<p>A Easynet que todos conhecem agora \u00e9 <strong>Easyfibra<\/strong>, fundada em 1998 na cidade de Tr\u00eas Rios, estado do Rio de Janeiro, \u00e9 pioneira em telecomunica\u00e7\u00f5es na regi\u00e3o provendo o melhor acesso de internet para os seguimentos corporativos, residencial, governo ou em \u00e1reas rurais, em fibra \u00f3ptica ou r\u00e1dio dedicado. A utiliza\u00e7\u00e3o de equipamentos de ponta refor\u00e7am o que temos como nossa miss\u00e3o <strong>Qualidade<\/strong>, <strong>Atendimento <\/strong>e <strong>Estabilidade <\/strong>. Somos uma empresa de pessoas que emprega o melhor uso das tecnologia para pessoas.<\/p>\n","protected":false},"excerpt":{"rendered":"<p>A Easynet que todos conhecem agora \u00e9 Easyfibra, fundada em 1998 na cidade de Tr\u00eas Rios, estado do Rio de Janeiro, \u00e9 pioneira em telecomunica\u00e7\u00f5es na regi\u00e3o provendo o melhor acesso de internet para os seguimentos corporativos, residencial, governo ou em \u00e1reas rurais, em fibra \u00f3ptica ou r\u00e1dio dedicado. A&#8230;<\/p>\n","protected":false},"author":2,"featured_media":0,"parent":0,"menu_order":0,"comment_status":"closed","ping_status":"closed","template":"","meta":{"footnotes":""},"_links":{"self":[{"href":"https:\/\/easyfibra.com.br\/index.php\/wp-json\/wp\/v2\/pages\/1183"}],"collection":[{"href":"https:\/\/easyfibra.com.br\/index.php\/wp-json\/wp\/v2\/pages"}],"about":[{"href":"https:\/\/easyfibra.com.br\/index.php\/wp-json\/wp\/v2\/types\/page"}],"author":[{"embeddable":true,"href":"https:\/\/easyfibra.com.br\/index.php\/wp-json\/wp\/v2\/users\/2"}],"replies":[{"embeddable":true,"href":"https:\/\/easyfibra.com.br\/index.php\/wp-json\/wp\/v2\/comments?post=1183"}],"version-history":[{"count":1,"href":"https:\/\/easyfibra.com.br\/index.php\/wp-json\/wp\/v2\/pages\/1183\/revisions"}],"predecessor-version":[{"id":1657,"href":"https:\/\/easyfibra.com.br\/index.php\/wp-json\/wp\/v2\/pages\/1183\/revisions\/1657"}],"wp:attachment":[{"href":"https:\/\/easyfibra.com.br\/index.php\/wp-json\/wp\/v2\/media?parent=1183"}],"curies":[{"name":"wp","href":"https:\/\/api.w.org\/{rel}","templated":true}]}}