{"id":1461,"date":"2016-09-05T20:07:42","date_gmt":"2016-09-05T20:07:42","guid":{"rendered":"http:\/\/demos.famethemes.com\/screenr\/?page_id=16"},"modified":"2019-10-04T15:32:49","modified_gmt":"2019-10-04T18:32:49","slug":"internet-banda-larga","status":"publish","type":"page","link":"https:\/\/easyfibra.com.br\/index.php\/internet-banda-larga\/","title":{"rendered":"Internet Banda Larga"},"content":{"rendered":"<p><img decoding=\"async\" loading=\"lazy\" class=\"aligncenter\" src=\"https:\/\/tecnoblog.net\/wp-content\/uploads\/2016\/03\/netflix-700x467.jpg\" alt=\"Resultado de imagem para assistindo netflix\" width=\"248\" height=\"165\"><\/p>\n<p><strong>Conex\u00e3o Residencial<\/strong> &#8211; Conectividade e estabilidade para sua resid\u00eancia. Com a Easyfibra voc\u00ea poder\u00e1 assistir as melhores s\u00e9ries e filmes no Netflix, usufruir de todas as redes sociais, downloads dos melhores aplicativos tudo isso sem limite de franquia. Atendimento r\u00e1pido, f\u00e1cil e diferenciado, so a EasyFibra t\u00eam, somos daqui, entendemos voc\u00ea cliente!<\/p>\n<p style=\"text-align: center;\"><strong>Assine agora (24) 2255 1082 ou mande um email para comercial@easyfibra.com.br<\/strong><\/p>\n","protected":false},"excerpt":{"rendered":"<p>Conectividade e estabilidade para sua resid\u00eancia. Com a Easyfibra voc\u00ea poder\u00e1 assistir as melhores s\u00e9ries e filmes no Netflix, usufruir de todas as redes sociais, downloads dos melhores aplicativos tudo isso sem limite de franquia.<\/p>\n","protected":false},"author":1,"featured_media":0,"parent":0,"menu_order":0,"comment_status":"closed","ping_status":"closed","template":"template-frontpage.php","meta":{"footnotes":""},"_links":{"self":[{"href":"https:\/\/easyfibra.com.br\/index.php\/wp-json\/wp\/v2\/pages\/1461"}],"collection":[{"href":"https:\/\/easyfibra.com.br\/index.php\/wp-json\/wp\/v2\/pages"}],"about":[{"href":"https:\/\/easyfibra.com.br\/index.php\/wp-json\/wp\/v2\/types\/page"}],"author":[{"embeddable":true,"href":"https:\/\/easyfibra.com.br\/index.php\/wp-json\/wp\/v2\/users\/1"}],"replies":[{"embeddable":true,"href":"https:\/\/easyfibra.com.br\/index.php\/wp-json\/wp\/v2\/comments?post=1461"}],"version-history":[{"count":3,"href":"https:\/\/easyfibra.com.br\/index.php\/wp-json\/wp\/v2\/pages\/1461\/revisions"}],"predecessor-version":[{"id":1797,"href":"https:\/\/easyfibra.com.br\/index.php\/wp-json\/wp\/v2\/pages\/1461\/revisions\/1797"}],"wp:attachment":[{"href":"https:\/\/easyfibra.com.br\/index.php\/wp-json\/wp\/v2\/media?parent=1461"}],"curies":[{"name":"wp","href":"https:\/\/api.w.org\/{rel}","templated":true}]}}