{"id":1462,"date":"2016-09-05T20:12:29","date_gmt":"2016-09-05T20:12:29","guid":{"rendered":"http:\/\/demos.famethemes.com\/screenr\/?page_id=18"},"modified":"2018-11-22T22:17:34","modified_gmt":"2018-11-23T00:17:34","slug":"search-engine-optimisation-2","status":"publish","type":"page","link":"https:\/\/easyfibra.com.br\/index.php\/search-engine-optimisation-2\/","title":{"rendered":"Internet Corporativa"},"content":{"rendered":"<p><img decoding=\"async\" src=\"http:\/\/www.exotics.com.br\/blog\/wp-content\/uploads\/2013\/10\/indices.jpg\" alt=\"Resultado de imagem para \u00c3\u00adndices\" \/><\/p>\n<p><strong>Conex\u00e3o Empresarial<\/strong> &#8211; Experimente o que h\u00e1 de melhor em qualidade de conex\u00e3o fibra \u00f3ptica. Atendimento r\u00e1pido, f\u00e1cil e personalizado, e vale lembrar, somos daqui, entendemos voc\u00ea cliente. Se preocupe em atingir seus objetivos e deixe que cuidaremos da internet para voc\u00ea.<\/p>\n<p style=\"text-align: center;\"><strong>Assine agora (24) 2255 1082 ou mande um email para comercial@easyfibra.com.br<\/strong><\/p>\n<p>&nbsp;<\/p>\n","protected":false},"excerpt":{"rendered":"<p>Sabemos que a internet \u00e9 componente fundamental em qualquer empresa, oferecemos uma conex\u00e3o exclusiva entre o provedor de acesso e o seu neg\u00f3cio, conex\u00e3o sim\u00e9trica de download e upload. Tudo para sua empresa.<\/p>\n","protected":false},"author":1,"featured_media":0,"parent":0,"menu_order":0,"comment_status":"closed","ping_status":"closed","template":"template-frontpage.php","meta":{"footnotes":""},"_links":{"self":[{"href":"https:\/\/easyfibra.com.br\/index.php\/wp-json\/wp\/v2\/pages\/1462"}],"collection":[{"href":"https:\/\/easyfibra.com.br\/index.php\/wp-json\/wp\/v2\/pages"}],"about":[{"href":"https:\/\/easyfibra.com.br\/index.php\/wp-json\/wp\/v2\/types\/page"}],"author":[{"embeddable":true,"href":"https:\/\/easyfibra.com.br\/index.php\/wp-json\/wp\/v2\/users\/1"}],"replies":[{"embeddable":true,"href":"https:\/\/easyfibra.com.br\/index.php\/wp-json\/wp\/v2\/comments?post=1462"}],"version-history":[{"count":1,"href":"https:\/\/easyfibra.com.br\/index.php\/wp-json\/wp\/v2\/pages\/1462\/revisions"}],"predecessor-version":[{"id":1693,"href":"https:\/\/easyfibra.com.br\/index.php\/wp-json\/wp\/v2\/pages\/1462\/revisions\/1693"}],"wp:attachment":[{"href":"https:\/\/easyfibra.com.br\/index.php\/wp-json\/wp\/v2\/media?parent=1462"}],"curies":[{"name":"wp","href":"https:\/\/api.w.org\/{rel}","templated":true}]}}